{"id":1992,"date":"2021-06-28T15:26:34","date_gmt":"2021-06-28T13:26:34","guid":{"rendered":"https:\/\/template.sinapps.dev\/?post_type=product&#038;p=1992"},"modified":"2022-08-04T14:56:08","modified_gmt":"2022-08-04T12:56:08","slug":"piattaforma-di-tracciamento-dati","status":"publish","type":"product","link":"https:\/\/runeground.ch\/en\/product\/piattaforma-di-tracciamento-dati\/","title":{"rendered":"Data tracking platform"},"content":{"rendered":"<p>Si tratta di un sistema che permette di registrare, fissare e rendere indefinitamente reperibili alla consultazione, tutte le operazioni compiute all\u2019interno dell\u2019azienda cliente.<\/p>\n<p>Tipicamente si rivolge a imprese metalmeccaniche, per le quali il flusso di lavoro \u00e8 rappresentato dall&#8217;effettivo e reale passaggio dalla materia prima in ingresso al prodotto finito in uscita.<\/p>\n<p>Il singolo operatore potr\u00e0 interrogare i dati e tutto ci\u00f2 che sar\u00e0 scritto sulla Blockchain, tramite un\u2019interfaccia grafica semplice e facilmente accessibile.<\/p>\n<p>L\u2019impossibilit\u00e0 di modificare i dati salvati, intrinseca e principio fondante della blockchain, rende il sistema sicuro e affidabile, pronto alla risposta in caso di controversie sia con la pubblica amministrazione che con l\u2019utilizzatore finale del prodotto.<\/p>","protected":false},"excerpt":{"rendered":"<p>Data tracking platform on blockchain with notarization<\/p>","protected":false},"featured_media":2553,"comment_status":"closed","ping_status":"closed","template":"","meta":{"_acf_changed":false},"product_cat":[37],"product_tag":[],"acf":[],"yoast_head":"<!-- This site is optimized with the Yoast SEO plugin v22.5 - https:\/\/yoast.com\/wordpress\/plugins\/seo\/ -->\n<title>Piattaforma di tracciamento dati - Runeground<\/title>\n<meta name=\"robots\" content=\"index, follow, max-snippet:-1, max-image-preview:large, max-video-preview:-1\" \/>\n<link rel=\"canonical\" href=\"https:\/\/runeground.ch\/en\/product\/piattaforma-di-tracciamento-dati\/\" \/>\n<meta property=\"og:locale\" content=\"en_GB\" \/>\n<meta property=\"og:type\" content=\"article\" \/>\n<meta property=\"og:title\" content=\"Piattaforma di tracciamento dati - Runeground\" \/>\n<meta property=\"og:description\" content=\"Piattaforma di tracciamento dati su blockchain con notarizzazione\" \/>\n<meta property=\"og:url\" content=\"https:\/\/runeground.ch\/en\/product\/piattaforma-di-tracciamento-dati\/\" \/>\n<meta property=\"og:site_name\" content=\"Runeground\" \/>\n<meta property=\"article:modified_time\" content=\"2022-08-04T12:56:08+00:00\" \/>\n<meta property=\"og:image\" content=\"https:\/\/runeground.ch\/wp-content\/uploads\/2021\/06\/dt.jpg\" \/>\n\t<meta property=\"og:image:width\" content=\"1200\" \/>\n\t<meta property=\"og:image:height\" content=\"1200\" \/>\n\t<meta property=\"og:image:type\" content=\"image\/jpeg\" \/>\n<meta name=\"twitter:card\" content=\"summary_large_image\" \/>\n<meta name=\"twitter:label1\" content=\"Estimated reading time\" \/>\n\t<meta name=\"twitter:data1\" content=\"1 minute\" \/>\n<script type=\"application\/ld+json\" class=\"yoast-schema-graph\">{\"@context\":\"https:\/\/schema.org\",\"@graph\":[{\"@type\":\"WebPage\",\"@id\":\"https:\/\/runeground.ch\/prodotto\/piattaforma-di-tracciamento-dati\/\",\"url\":\"https:\/\/runeground.ch\/prodotto\/piattaforma-di-tracciamento-dati\/\",\"name\":\"Piattaforma di tracciamento dati - Runeground\",\"isPartOf\":{\"@id\":\"https:\/\/runeground.ch\/#website\"},\"primaryImageOfPage\":{\"@id\":\"https:\/\/runeground.ch\/prodotto\/piattaforma-di-tracciamento-dati\/#primaryimage\"},\"image\":{\"@id\":\"https:\/\/runeground.ch\/prodotto\/piattaforma-di-tracciamento-dati\/#primaryimage\"},\"thumbnailUrl\":\"https:\/\/runeground.ch\/wp-content\/uploads\/2021\/06\/dt.jpg\",\"datePublished\":\"2021-06-28T13:26:34+00:00\",\"dateModified\":\"2022-08-04T12:56:08+00:00\",\"breadcrumb\":{\"@id\":\"https:\/\/runeground.ch\/prodotto\/piattaforma-di-tracciamento-dati\/#breadcrumb\"},\"inLanguage\":\"en-GB\",\"potentialAction\":[{\"@type\":\"ReadAction\",\"target\":[\"https:\/\/runeground.ch\/prodotto\/piattaforma-di-tracciamento-dati\/\"]}]},{\"@type\":\"ImageObject\",\"inLanguage\":\"en-GB\",\"@id\":\"https:\/\/runeground.ch\/prodotto\/piattaforma-di-tracciamento-dati\/#primaryimage\",\"url\":\"https:\/\/runeground.ch\/wp-content\/uploads\/2021\/06\/dt.jpg\",\"contentUrl\":\"https:\/\/runeground.ch\/wp-content\/uploads\/2021\/06\/dt.jpg\",\"width\":1200,\"height\":1200},{\"@type\":\"BreadcrumbList\",\"@id\":\"https:\/\/runeground.ch\/prodotto\/piattaforma-di-tracciamento-dati\/#breadcrumb\",\"itemListElement\":[{\"@type\":\"ListItem\",\"position\":1,\"name\":\"Home\",\"item\":\"https:\/\/runeground.ch\/\"},{\"@type\":\"ListItem\",\"position\":2,\"name\":\"Shop\",\"item\":\"https:\/\/runeground.ch\/shop\/\"},{\"@type\":\"ListItem\",\"position\":3,\"name\":\"Piattaforma di tracciamento dati\"}]},{\"@type\":\"WebSite\",\"@id\":\"https:\/\/runeground.ch\/#website\",\"url\":\"https:\/\/runeground.ch\/\",\"name\":\"Runeground\",\"description\":\"\",\"publisher\":{\"@id\":\"https:\/\/runeground.ch\/#organization\"},\"potentialAction\":[{\"@type\":\"SearchAction\",\"target\":{\"@type\":\"EntryPoint\",\"urlTemplate\":\"https:\/\/runeground.ch\/?s={search_term_string}\"},\"query-input\":\"required name=search_term_string\"}],\"inLanguage\":\"en-GB\"},{\"@type\":\"Organization\",\"@id\":\"https:\/\/runeground.ch\/#organization\",\"name\":\"Runeground\",\"url\":\"https:\/\/runeground.ch\/\",\"logo\":{\"@type\":\"ImageObject\",\"inLanguage\":\"en-GB\",\"@id\":\"https:\/\/runeground.ch\/#\/schema\/logo\/image\/\",\"url\":\"https:\/\/runeground.ch\/wp-content\/uploads\/2022\/07\/logo-runelab.png\",\"contentUrl\":\"https:\/\/runeground.ch\/wp-content\/uploads\/2022\/07\/logo-runelab.png\",\"width\":577,\"height\":667,\"caption\":\"Runeground\"},\"image\":{\"@id\":\"https:\/\/runeground.ch\/#\/schema\/logo\/image\/\"}}]}<\/script>\n<!-- \/ Yoast SEO plugin. -->","yoast_head_json":{"title":"Piattaforma di tracciamento dati - Runeground","robots":{"index":"index","follow":"follow","max-snippet":"max-snippet:-1","max-image-preview":"max-image-preview:large","max-video-preview":"max-video-preview:-1"},"canonical":"https:\/\/runeground.ch\/en\/product\/piattaforma-di-tracciamento-dati\/","og_locale":"en_GB","og_type":"article","og_title":"Piattaforma di tracciamento dati - Runeground","og_description":"Piattaforma di tracciamento dati su blockchain con notarizzazione","og_url":"https:\/\/runeground.ch\/en\/product\/piattaforma-di-tracciamento-dati\/","og_site_name":"Runeground","article_modified_time":"2022-08-04T12:56:08+00:00","og_image":[{"width":1200,"height":1200,"url":"https:\/\/runeground.ch\/wp-content\/uploads\/2021\/06\/dt.jpg","type":"image\/jpeg"}],"twitter_card":"summary_large_image","twitter_misc":{"Estimated reading time":"1 minute"},"schema":{"@context":"https:\/\/schema.org","@graph":[{"@type":"WebPage","@id":"https:\/\/runeground.ch\/prodotto\/piattaforma-di-tracciamento-dati\/","url":"https:\/\/runeground.ch\/prodotto\/piattaforma-di-tracciamento-dati\/","name":"Piattaforma di tracciamento dati - Runeground","isPartOf":{"@id":"https:\/\/runeground.ch\/#website"},"primaryImageOfPage":{"@id":"https:\/\/runeground.ch\/prodotto\/piattaforma-di-tracciamento-dati\/#primaryimage"},"image":{"@id":"https:\/\/runeground.ch\/prodotto\/piattaforma-di-tracciamento-dati\/#primaryimage"},"thumbnailUrl":"https:\/\/runeground.ch\/wp-content\/uploads\/2021\/06\/dt.jpg","datePublished":"2021-06-28T13:26:34+00:00","dateModified":"2022-08-04T12:56:08+00:00","breadcrumb":{"@id":"https:\/\/runeground.ch\/prodotto\/piattaforma-di-tracciamento-dati\/#breadcrumb"},"inLanguage":"en-GB","potentialAction":[{"@type":"ReadAction","target":["https:\/\/runeground.ch\/prodotto\/piattaforma-di-tracciamento-dati\/"]}]},{"@type":"ImageObject","inLanguage":"en-GB","@id":"https:\/\/runeground.ch\/prodotto\/piattaforma-di-tracciamento-dati\/#primaryimage","url":"https:\/\/runeground.ch\/wp-content\/uploads\/2021\/06\/dt.jpg","contentUrl":"https:\/\/runeground.ch\/wp-content\/uploads\/2021\/06\/dt.jpg","width":1200,"height":1200},{"@type":"BreadcrumbList","@id":"https:\/\/runeground.ch\/prodotto\/piattaforma-di-tracciamento-dati\/#breadcrumb","itemListElement":[{"@type":"ListItem","position":1,"name":"Home","item":"https:\/\/runeground.ch\/"},{"@type":"ListItem","position":2,"name":"Shop","item":"https:\/\/runeground.ch\/shop\/"},{"@type":"ListItem","position":3,"name":"Piattaforma di tracciamento dati"}]},{"@type":"WebSite","@id":"https:\/\/runeground.ch\/#website","url":"https:\/\/runeground.ch\/","name":"Runeground","description":"","publisher":{"@id":"https:\/\/runeground.ch\/#organization"},"potentialAction":[{"@type":"SearchAction","target":{"@type":"EntryPoint","urlTemplate":"https:\/\/runeground.ch\/?s={search_term_string}"},"query-input":"required name=search_term_string"}],"inLanguage":"en-GB"},{"@type":"Organization","@id":"https:\/\/runeground.ch\/#organization","name":"Runeground","url":"https:\/\/runeground.ch\/","logo":{"@type":"ImageObject","inLanguage":"en-GB","@id":"https:\/\/runeground.ch\/#\/schema\/logo\/image\/","url":"https:\/\/runeground.ch\/wp-content\/uploads\/2022\/07\/logo-runelab.png","contentUrl":"https:\/\/runeground.ch\/wp-content\/uploads\/2022\/07\/logo-runelab.png","width":577,"height":667,"caption":"Runeground"},"image":{"@id":"https:\/\/runeground.ch\/#\/schema\/logo\/image\/"}}]}},"_links":{"self":[{"href":"https:\/\/runeground.ch\/en\/wp-json\/wp\/v2\/product\/1992"}],"collection":[{"href":"https:\/\/runeground.ch\/en\/wp-json\/wp\/v2\/product"}],"about":[{"href":"https:\/\/runeground.ch\/en\/wp-json\/wp\/v2\/types\/product"}],"replies":[{"embeddable":true,"href":"https:\/\/runeground.ch\/en\/wp-json\/wp\/v2\/comments?post=1992"}],"wp:featuredmedia":[{"embeddable":true,"href":"https:\/\/runeground.ch\/en\/wp-json\/wp\/v2\/media\/2553"}],"wp:attachment":[{"href":"https:\/\/runeground.ch\/en\/wp-json\/wp\/v2\/media?parent=1992"}],"wp:term":[{"taxonomy":"product_cat","embeddable":true,"href":"https:\/\/runeground.ch\/en\/wp-json\/wp\/v2\/product_cat?post=1992"},{"taxonomy":"product_tag","embeddable":true,"href":"https:\/\/runeground.ch\/en\/wp-json\/wp\/v2\/product_tag?post=1992"}],"curies":[{"name":"wp","href":"https:\/\/api.w.org\/{rel}","templated":true}]}}